{"id":6414,"date":"2025-02-16T20:17:36","date_gmt":"2025-02-16T18:17:36","guid":{"rendered":"https:\/\/finnmusic.fi\/?page_id=6414"},"modified":"2025-02-16T21:11:01","modified_gmt":"2025-02-16T19:11:01","slug":"tietoa-meista","status":"publish","type":"page","link":"https:\/\/staging.finnmusic.fi\/en\/tietoa-meista\/","title":{"rendered":"About Us"},"content":{"rendered":"<p><\/p>\n\n\n\n<p>Suomalaisen musiikin tuki ry. is an association founded in autumn 2024. It has operated unofficially for several years, gathering information on new vocal music.<\/p>\n\n\n\n<p><br>The founding members of the association are avid consumers of music and all involved voluntarily. The group is not solely focused on the arts. Members have decades of experience in coordinating demanding industrial projects, IT management, financial management, and, of course, professional vocal performance and pedagogy. We believe this is a good recipe for making things happen.<\/p>","protected":false},"excerpt":{"rendered":"<p>Suomalaisen musiikin tuki ry. on syksyll\u00e4 2024 perustettu yhdistys. Se on ep\u00e4virallisena toiminut jo usean vuoden ker\u00e4ten tietoja uudesta laulumusiikista. Yhdistyksen perustajaj\u00e4senet ovat musiikin suurkuluttajia ja kaikki pyyteett\u00f6m\u00e4sti mukana. Ryhm\u00e4 ei ole pelk\u00e4st\u00e4\u00e4n taidepainotteinen. J\u00e4senill\u00e4 on vuosikymmenten kokemus vaativien teollisuusprojektien koordinoinnista, tietohallinnasta, taloushallinnosta ja tietysti my\u00f6s laulutaiteen tekemisest\u00e4 ammattitasolla ja my\u00f6s pedagogina. Uskomme, ett\u00e4 t\u00e4m\u00e4&#8230;<\/p>","protected":false},"author":58,"featured_media":0,"parent":0,"menu_order":0,"comment_status":"closed","ping_status":"closed","template":"","meta":{"_kad_post_transparent":"","_kad_post_title":"","_kad_post_layout":"","_kad_post_sidebar_id":"","_kad_post_content_style":"","_kad_post_vertical_padding":"","_kad_post_feature":"","_kad_post_feature_position":"","_kad_post_header":false,"_kad_post_footer":false,"_kad_post_classname":"","footnotes":""},"class_list":["post-6414","page","type-page","status-publish","hentry"],"_links":{"self":[{"href":"https:\/\/staging.finnmusic.fi\/en\/wp-json\/wp\/v2\/pages\/6414","targetHints":{"allow":["GET"]}}],"collection":[{"href":"https:\/\/staging.finnmusic.fi\/en\/wp-json\/wp\/v2\/pages"}],"about":[{"href":"https:\/\/staging.finnmusic.fi\/en\/wp-json\/wp\/v2\/types\/page"}],"author":[{"embeddable":true,"href":"https:\/\/staging.finnmusic.fi\/en\/wp-json\/wp\/v2\/users\/58"}],"replies":[{"embeddable":true,"href":"https:\/\/staging.finnmusic.fi\/en\/wp-json\/wp\/v2\/comments?post=6414"}],"version-history":[{"count":0,"href":"https:\/\/staging.finnmusic.fi\/en\/wp-json\/wp\/v2\/pages\/6414\/revisions"}],"wp:attachment":[{"href":"https:\/\/staging.finnmusic.fi\/en\/wp-json\/wp\/v2\/media?parent=6414"}],"curies":[{"name":"wp","href":"https:\/\/api.w.org\/{rel}","templated":true}]}}