{"id":11,"date":"2023-10-31T14:19:49","date_gmt":"2023-10-31T12:19:49","guid":{"rendered":"https:\/\/nasb.fi\/?page_id=11"},"modified":"2026-02-11T16:01:13","modified_gmt":"2026-02-11T14:01:13","slug":"omavalikoima","status":"publish","type":"page","link":"https:\/\/staging.finnmusic.fi\/en\/omavalikoima\/","title":{"rendered":"Playlist"},"content":{"rendered":"<p><font size=\"5\">Soittolistalle voi koota Haun avulla teoksia, jotka ovat erityisen kiinnostavia. Jos teoksesta on olemassa \u00e4\u00e4nite, voi teoksen lis\u00e4t\u00e4 my\u00f6s soitettavaksi.<\/font><\/p>\n<p><div id = \"myMsg\" <\/div><\/p>\n\n\n<br \/>\n<b>Warning<\/b>:  Undefined variable $conn in <b>\/var\/www\/vhosts\/finnmusic.fi\/staging.finnmusic.fi\/wp-includes\/finnmusic\/fm_apurit.php<\/b> on line <b>180<\/b><br \/>\n<br \/>\n<b>Warning<\/b>:  Undefined variable $sql in <b>\/var\/www\/vhosts\/finnmusic.fi\/staging.finnmusic.fi\/wp-includes\/finnmusic\/fm_apurit.php<\/b> on line <b>180<\/b><br \/>\n\n\n\n\n<p><\/p>","protected":false},"excerpt":{"rendered":"<p>Soittolistalle voi koota Haun avulla teoksia, jotka ovat erityisen kiinnostavia. Jos teoksesta on olemassa \u00e4\u00e4nite, voi teoksen lis\u00e4t\u00e4 my\u00f6s soitettavaksi.<\/p>","protected":false},"author":2,"featured_media":0,"parent":0,"menu_order":0,"comment_status":"closed","ping_status":"closed","template":"","meta":{"_kad_post_transparent":"","_kad_post_title":"","_kad_post_layout":"","_kad_post_sidebar_id":"","_kad_post_content_style":"","_kad_post_vertical_padding":"","_kad_post_feature":"","_kad_post_feature_position":"","_kad_post_header":false,"_kad_post_footer":false,"_kad_post_classname":"","footnotes":""},"class_list":["post-11","page","type-page","status-publish","hentry"],"_links":{"self":[{"href":"https:\/\/staging.finnmusic.fi\/en\/wp-json\/wp\/v2\/pages\/11","targetHints":{"allow":["GET"]}}],"collection":[{"href":"https:\/\/staging.finnmusic.fi\/en\/wp-json\/wp\/v2\/pages"}],"about":[{"href":"https:\/\/staging.finnmusic.fi\/en\/wp-json\/wp\/v2\/types\/page"}],"author":[{"embeddable":true,"href":"https:\/\/staging.finnmusic.fi\/en\/wp-json\/wp\/v2\/users\/2"}],"replies":[{"embeddable":true,"href":"https:\/\/staging.finnmusic.fi\/en\/wp-json\/wp\/v2\/comments?post=11"}],"version-history":[{"count":1,"href":"https:\/\/staging.finnmusic.fi\/en\/wp-json\/wp\/v2\/pages\/11\/revisions"}],"predecessor-version":[{"id":9865,"href":"https:\/\/staging.finnmusic.fi\/en\/wp-json\/wp\/v2\/pages\/11\/revisions\/9865"}],"wp:attachment":[{"href":"https:\/\/staging.finnmusic.fi\/en\/wp-json\/wp\/v2\/media?parent=11"}],"curies":[{"name":"wp","href":"https:\/\/api.w.org\/{rel}","templated":true}]}}