{"id":10130,"date":"2026-03-13T08:52:45","date_gmt":"2026-03-13T06:52:45","guid":{"rendered":"https:\/\/finnmusic.fi\/?page_id=10130"},"modified":"2026-03-13T08:52:46","modified_gmt":"2026-03-13T06:52:46","slug":"et-ole-rekisteroitynyt","status":"publish","type":"page","link":"https:\/\/staging.finnmusic.fi\/en\/et-ole-rekisteroitynyt\/","title":{"rendered":"Et ole rekister\u00f6itynyt"},"content":{"rendered":"<br><br>Sivusto on k\u00e4ytett\u00e4viss\u00e4 vain kirjautuneille k\u00e4ytt\u00e4jille. Kirjautuminen edellytt\u00e4\u00e4 rekister\u00f6itymist\u00e4.<br><br>Voit rekister\u00f6ity\u00e4 valitsemalla Kirjaudu --> Rekister\u00f6idy.<br>Rekister\u00f6itymiseen tarvitset olemassaolevan s\u00e4hk\u00f6postiosoitteen, henkil\u00f6tietojasi ei kysyt\u00e4.<br>S\u00e4hk\u00f6postiosoitetta ei levitet\u00e4 ulkopuolisille emmek\u00e4 l\u00e4het\u00e4 siihen mainoksia tai tiedotteita ilman suostumustasi.<br><br>Kirjautumisen j\u00e4lkeen voit vapaasti ja maksutta k\u00e4ytt\u00e4\u00e4 sivuston hakupalveluita.<br>Kuunnellaksesi \u00e4\u00e4nitteit\u00e4 ja tutustuaksesi nuotteihin tarvitset Aineistopassin.<br><br>Aineistopassi avaa mahdollisuuden tehd\u00e4 omia nuottikokoelmia ostamistasi nuoteista.<br>Voit my\u00f6s koota \u00e4\u00e4nitteist\u00e4 soittolistan.<br>Soittolista toistetaan suoratoistona sivultamme ja sinulla pit\u00e4\u00e4 olla voimassa oleva Aineistopassi soittolistan kuuntelua varten.<br><br>Aineistopassin kertyneet tuotot k\u00e4ytet\u00e4\u00e4n sivuston yll\u00e4pitoon ja aineiston hankintaan.<br>Lis\u00e4ksi tilit\u00e4mme Teostolle sopimuksen mukaisen osuuden.<br><br>Jos haluat tutustua toimintaamme, klikkaa UKK\/FAQ tai Taustatietoa.","protected":false},"excerpt":{"rendered":"","protected":false},"author":2,"featured_media":0,"parent":0,"menu_order":0,"comment_status":"closed","ping_status":"closed","template":"","meta":{"_kad_post_transparent":"","_kad_post_title":"","_kad_post_layout":"","_kad_post_sidebar_id":"","_kad_post_content_style":"","_kad_post_vertical_padding":"","_kad_post_feature":"","_kad_post_feature_position":"","_kad_post_header":false,"_kad_post_footer":false,"_kad_post_classname":"","footnotes":""},"class_list":["post-10130","page","type-page","status-publish","hentry"],"_links":{"self":[{"href":"https:\/\/staging.finnmusic.fi\/en\/wp-json\/wp\/v2\/pages\/10130","targetHints":{"allow":["GET"]}}],"collection":[{"href":"https:\/\/staging.finnmusic.fi\/en\/wp-json\/wp\/v2\/pages"}],"about":[{"href":"https:\/\/staging.finnmusic.fi\/en\/wp-json\/wp\/v2\/types\/page"}],"author":[{"embeddable":true,"href":"https:\/\/staging.finnmusic.fi\/en\/wp-json\/wp\/v2\/users\/2"}],"replies":[{"embeddable":true,"href":"https:\/\/staging.finnmusic.fi\/en\/wp-json\/wp\/v2\/comments?post=10130"}],"version-history":[{"count":1,"href":"https:\/\/staging.finnmusic.fi\/en\/wp-json\/wp\/v2\/pages\/10130\/revisions"}],"predecessor-version":[{"id":10131,"href":"https:\/\/staging.finnmusic.fi\/en\/wp-json\/wp\/v2\/pages\/10130\/revisions\/10131"}],"wp:attachment":[{"href":"https:\/\/staging.finnmusic.fi\/en\/wp-json\/wp\/v2\/media?parent=10130"}],"curies":[{"name":"wp","href":"https:\/\/api.w.org\/{rel}","templated":true}]}}